{"id":2382,"date":"2020-01-10T12:10:21","date_gmt":"2020-01-10T11:10:21","guid":{"rendered":"http:\/\/www.woodformusic.com\/aviso-legal\/"},"modified":"2022-02-16T17:57:43","modified_gmt":"2022-02-16T16:57:43","slug":"aviso-legal","status":"publish","type":"page","link":"https:\/\/www.woodformusic.com\/en\/aviso-legal\/","title":{"rendered":"Aviso Legal"},"content":{"rendered":"\n<h2>Identificaci\u00f3n y Titularidad<\/h2>\n\n<p>\n\t\tEn cumplimiento del art\u00edculo 10 de la Ley 34\/2002, de 11 de julio, de Servicios de la Sociedad de la Informaci\u00f3n y Comercio Electr\u00f3nico, el Titular expone sus datos identificativos:\n<\/p>\n\n<p>\n\t<ul>\t\t\n\t\t<li>\n\t\t\t<b>Titular:<\/b>&nbsp;\t\t\n\t\t\tEVERARDO ARMENTEROS GONZALEZ.\n\t\t\t\n\t\t<\/li>\n\t\t\n\t\t<li>\n\t\t\t<b>NIF:<\/b>&nbsp;20408758F\n\t\t\t\n\t\t<\/li>\n\n\n\t\t<li>\n\t\t\t<b>Domicilio:<\/b>&nbsp;\n\t\t\t Calle de la Serra Mariola 36B 46408 Faro,  Valencia - Espa\u00f1a.\n\t\t<\/li>\n\t\t\n\t\t<li>\n\t\t\t<b>Correo electr\u00f3nico:<\/b>&nbsp;\n\t\t\teaginternational@msn.com\n\t\t<\/li>\n\t\t\n\n\t\t<li>\n\t\t\t<b>Sitio Web:<\/b>&nbsp;\n\t\t\t<a href=\"https:\/\/www.woodformusic.com\">https:\/\/www.woodformusic.com<\/a>\n\t\t<\/li>\n\t<\/ul>\n<\/p>\n\n<h2>Finalidad<\/h2>\n<p>\n\tLa finalidad del Sitio Web es: Tienda Materiales construcci\u00f3n intrumentos.\t\n<\/p>\n\n\n<h2>Condiciones de Uso<\/h2>\n<p>\n\tLa utilizaci\u00f3n del Sitio Web le otorga la condici\u00f3n de Usuario, e implica la aceptaci\u00f3n completa de todas las cl\u00e1usulas y condiciones de uso incluidas en las p\u00e1ginas:\n\t<ul>\t\t\n\t\t<li><a href=\"https:\/\/www.woodformusic.com\/en\/aviso-legal\/\">Aviso Legal<\/a><\/li>\n\t\t<li><a href=\"https:\/\/www.woodformusic.com\/en\/?page_id=2384\">Pol\u00edtica de Privacidad<\/a><\/li>\n\t\t<li><a href=\"https:\/\/www.woodformusic.com\/en\/politica-de-cookies\/\">Pol\u00edtica de Cookies<\/a><\/li>\n\t<\/ul>\t\n<\/p>\n\n<p>\n\tSi no estuviera conforme con todas y cada una de estas cl\u00e1usulas y condiciones abst\u00e9ngase de utilizar el Sitio Web.\n<\/p>\n\n<p>\t\n\tEl acceso al Sitio Web no supone, en modo alguno, el inicio de una relaci\u00f3n comercial con el Titular.\n<\/p>\n\n<p>\t\n\tA trav\u00e9s del Sitio Web, el Titular le facilita el acceso y la utilizaci\u00f3n de diversos contenidos que el Titular y\/o sus colaboradores han publicado por medio de Internet.\n<\/p>\n\n<p>\n\tA tal efecto, est\u00e1 obligado y comprometido a NO utilizar cualquiera de los contenidos del Sitio Web con fines o efectos il\u00edcitos, prohibidos en este Aviso Legal o por la legislaci\u00f3n vigente, lesivos de los derechos e intereses de terceros, o que de cualquier forma puedan da\u00f1ar, inutilizar, sobrecargar, deteriorar o impedir la normal utilizaci\u00f3n de los contenidos, los equipos inform\u00e1ticos o los documentos, archivos y toda clase de contenidos almacenados en cualquier equipo inform\u00e1tico propios o contratados por el Titular, de otros usuarios o de cualquier usuario de Internet.\n<\/p>\n\n\n\n\n\n\n<h2>Medidas de seguridad<\/h2>\n<p>\n\tLos datos personales que facilite al Titular pueden ser almacenados en bases de datos automatizadas o no, cuya titularidad corresponde en exclusiva al Titular, que asume todas las medidas de \u00edndole t\u00e9cnica, organizativa y de seguridad que garantizan la confidencialidad, integridad y calidad de la informaci\u00f3n contenida en las mismas de acuerdo con lo establecido en la normativa vigente en protecci\u00f3n de datos.\n<\/p>\n<p>\n\tNo obstante, debe ser consciente de que las medidas de seguridad de los sistemas inform\u00e1ticos en Internet no son enteramente fiables y que, por tanto el Titular no puede garantizar la inexistencia de virus u otros elementos que puedan producir alteraciones en los sistemas inform\u00e1ticos (software y hardware) del Usuario o en sus documentos electr\u00f3nicos y ficheros contenidos en los mismos aunque el Titular pone todos los medios necesarios y toma las medidas de seguridad oportunas para evitar la presencia de estos elementos da\u00f1inos.\n<\/p>\n\n\n<h2>Tratamiento de Datos Personales<\/h2>\n<p>\t\n\tPuede consultar toda la informaci\u00f3n relativa al tratamiento de datos personales que recoge el Titular en la p\u00e1gina de  <a href=\"https:\/\/www.woodformusic.com\/en\/?page_id=2384\">Pol\u00edtica de Privacidad<\/a>.\n<\/p>\n\n<h2>Contenidos<\/h2>\n<p>\n\tEl Titular ha obtenido la informaci\u00f3n, el contenido multimedia y los materiales incluidos en el Sitio Web de fuentes que considera fiables, pero, si bien ha tomado todas las medidas razonables para asegurar que la informaci\u00f3n contenida es correcta, el Titular no garantiza que sea exacta, completa o actualizada. El Titular declina expresamente cualquier responsabilidad por error u omisi\u00f3n en la informaci\u00f3n contenida en las p\u00e1ginas del Sitio Web.\n<\/p>\n\n<p>\n\tQueda prohibido transmitir o enviar a trav\u00e9s del Sitio Web cualquier contenido ilegal o il\u00edcito, virus inform\u00e1ticos, o mensajes que, en general, afecten o violen derechos del Titular o de terceros.\n<\/p>\n\n<p>\n\tLos contenidos del Sitio Web tienen \u00fanicamente una finalidad informativa y bajo ninguna circunstancia deben usarse ni considerarse como oferta de venta, solicitud de una oferta de compra ni recomendaci\u00f3n para realizar cualquier otra operaci\u00f3n, salvo que as\u00ed se indique expresamente.\n<\/p>\n\n<p>\n\tEl Titular se reserva el derecho a modificar, suspender, cancelar o restringir el contenido del Sitio Web, los v\u00ednculos o la informaci\u00f3n obtenida a trav\u00e9s del Sitio Web, sin necesidad de previo aviso.\n<\/p>\n\n<p>\n\tEl Titular\u00a0no es responsable de los da\u00f1os y perjuicios que pudieran derivarse de la utilizaci\u00f3n de la informaci\u00f3n del Sitio Web.\n<\/p>\n\n\n<h2>Pol\u00edtica de cookies<\/h2>\n<p>\n\tPuede consultar toda la informaci\u00f3n relativa a la pol\u00edtica de recogida y tratamiento de las cookies en la p\u00e1gina de  <a href=\"https:\/\/www.woodformusic.com\/en\/politica-de-cookies\/\">Pol\u00edtica de Cookies<\/a>.\n<\/p>\n\n\n<h2>Enlaces a otros sitios Web<\/h2>\n<p>\n\tEl Titular puede proporcionarle acceso a sitios Web de terceros mediante enlaces con la finalidad exclusiva de informar sobre la existencia de otras fuentes de informaci\u00f3n en Internet en las que podr\u00e1 ampliar los datos ofrecidos en el Sitio Web.\n<\/p>\n\n<p>\t\n\tEstos enlaces a otros sitios Web no suponen en ning\u00fan caso una sugerencia o recomendaci\u00f3n para que usted visite las p\u00e1ginas web de destino, que est\u00e1n fuera del control del Titular, por lo que el Titular no es responsable del contenido de los sitios web vinculados ni del resultado que obtenga al seguir los enlaces.\n\tAsimismo, el Titular no responde de los links o enlaces ubicados en los sitios web vinculados a los que le proporciona acceso.\n<\/p>\n\n<p>\n\tEl establecimiento del enlace no implica en ning\u00fan caso la existencia de relaciones entre el Titular y el propietario del sitio en el que se establezca el enlace, ni la aceptaci\u00f3n o aprobaci\u00f3n por parte del Titular de sus contenidos o servicios.\n<\/p>\n\n<p>\t\n\tSi accede a un sitio web externo desde un enlace que encuentre en el Sitio Web usted deber\u00e1 leer la propia pol\u00edtica de privacidad del otro sitio web que puede ser diferente de la de este sitio Web.\n<\/p>\n\n\n\n<h2>Propiedad intelectual e industrial<\/h2>\n<p>\n\tTodos los derechos est\u00e1n reservados.\n<\/p>\n<p>\n\tTodo acceso a este Sitio Web est\u00e1 sujeto a las siguientes condiciones: la reproducci\u00f3n, almacenaje permanente y la difusi\u00f3n de los contenidos o cualquier otro uso que tenga finalidad p\u00fablica o comercial queda expresamente prohibida sin el consentimiento previo expreso y por escrito del Titular.\n<\/p>\n\n\n<h2>Limitaci\u00f3n de responsabilidad<\/h2>\n<p>\n\tLa informaci\u00f3n y servicios incluidos o disponibles a trav\u00e9s del Sitio Web pueden incluir incorrecciones o errores tipogr\u00e1ficos. De forma peri\u00f3dica el Titular incorpora mejoras y\/o cambios a la informaci\u00f3n contenida y\/o los Servicios que puede introducir en cualquier momento.\n<\/p>\n<p>\n\tEl Titular no declara ni garantiza que los servicios o contenidos sean interrumpidos o que est\u00e9n libres de errores, que los defectos sean corregidos, o que el servicio o el servidor que lo pone a disposici\u00f3n est\u00e9n libres de virus u otros componentes nocivos sin perjuicio de que el Titular realiza todos los esfuerzos en evitar este tipo de incidentes.\n<\/p>\n<p>\n\tEl Titular declina cualquier responsabilidad en caso de que existan interrupciones o un mal funcionamiento de los Servicios o contenidos ofrecidos en Internet, cualquiera que sea su causa. Asimismo, el Titular no se hace responsable por ca\u00eddas de la red, p\u00e9rdidas de negocio a consecuencia de dichas ca\u00eddas, suspensiones temporales de fluido el\u00e9ctrico o cualquier otro tipo de da\u00f1o indirecto que te pueda ser causado por causas ajenas a el Titular.\n<\/p>\n<p>\n\tAntes de tomar decisiones y\/o acciones con base a la informaci\u00f3n incluida en el Sitio Web, el Titular le recomienda comprobar y contrastar la informaci\u00f3n recibida con otras fuentes.\n<\/p>\n\n\n\n<h2>Jurisdicci\u00f3n<\/h2>\n<p>\t\n\tEste Aviso Legal se rige \u00edntegramente por la legislaci\u00f3n espa\u00f1ola.\n<\/p>\n\n\n<h2>Contacto<\/h2>\n<p>\t\n\tEn caso de que usted tenga cualquier duda acerca de este Aviso Legal o quiera realizar cualquier comentario sobre el Sitio Web, puede enviar un mensaje de correo electr\u00f3nico a la direcci\u00f3n: eaginternational@msn.com\n<\/p>\n<h2>Identification and Ownership<\/h2>\n<p>In compliance with article 10 of Law 34\/2002, of July 11, on Services of the Information Society and Electronic Commerce, the Holder exposes his identification data.<\/p>\n<ul>\n<li><b>Headline:<\/b> EVERARDO ARMENTEROS GONZALEZ.<\/li>\n<li><b>NIF:<\/b> 20408758F<\/li>\n<li><b>Address:<\/b> Calle de la Serra Mariola 36B 46408 Faro Valencia<\/li>\n<li><b>Email:<\/b> eaginternational@msn.com<\/li>\n<li><b>Website:<\/b> <a href=\"https:\/\/www.woodformusic.com\">https:\/\/www.woodformusic.com<\/a><\/li>\n<\/ul>\n<h2>Purpose<\/h2>\n<p>The purpose of the website <a href=\"https:\/\/www.woodformusic.com\">https:\/\/www.woodformusic.com<\/a> is Store Materials construction instruments.<\/p>\n<h2>Conditions of Use<\/h2>\n<p>The use of the website grants you the condition of User, and implies full acceptance of all the clauses and conditions of use included in the pages:<\/p>\n<ul>\n<li><a href=\"https:\/\/www.woodformusic.com\/legal-notice\/\">Legal Notice<\/a><\/li>\n<li><a href=\"https:\/\/www.woodformusic.com\/privacy-policy\/\">Privacy Policy<\/a><\/li>\n<li><a href=\"https:\/\/www.woodformusic.com\/cookies-policy\/\">Cookies Policy<\/a><\/li>\n<\/ul>\n<p>If you do not agree with each and every one of these clauses and conditions, you will refrain from using this website.<\/p>\n<p>Access to this website does not imply, in any way, the beginning of a commercial relationship with EVERARDO ARMENTEROS GONZALEZ.<\/p>\n<p>Through this website, the Owner provides you with access to and use of various contents that the Owner or its collaborators have published through the Internet.<\/p>\n<p>To this end, you agree and undertake NOT to use any of the contents of the website for illicit purposes or effects, prohibited in this Legal Notice or by current legislation, harmful to the rights and interests of third parties, or that in any way may damage, disable, overload, deteriorate or prevent the normal use of the content, computer equipment or documents, files and all kinds of content stored in any computer equipment owned or contracted by EVERARDO ARMENTEROS GONZALEZ, other users or any user of Internet.<\/p>\n<h2>Security measures<\/h2>\n<p>The personal data that you provide to the Holder may be stored in automated databases or not, whose ownership corresponds exclusively to EVERARDO ARMENTEROS GONZALEZ, who assumes all technical, organizational and security measures that guarantee the confidentiality, integrity and quality of the information contained therein in accordance with the provisions of current regulations on data protection.<\/p>\n<p>However, you must be aware that the security measures of computer systems on the Internet are not entirely reliable and that, therefore, the Owner cannot guarantee the absence of viruses or other elements that may cause alterations in computer systems (software and hardware) of the User or in their electronic documents and files contained therein, although the Holder puts all the necessary means and takes the appropriate security measures to avoid the presence of these harmful elements.<\/p>\n<h2>Personal data<\/h2>\n<p>You can consult all the information related to the processing of personal data collected by the Owner on the <a href=\"https:\/\/www.woodformusic.com\/politica-de-privacidad\/\">Privacy Policy<\/a> page.<\/p>\n<h2>Contents<\/h2>\n<p>The Owner has obtained the information, multimedia content and materials included in the website from sources that it considers reliable, but, although it has taken all reasonable measures to ensure that the information contained is correct, the Owner does not guarantee that it is exact. , complete or updated. EVERARDO ARMENTEROS GONZALEZ expressly disclaims any responsibility for errors or omissions in the information contained in the pages of this website.<\/p>\n<p>It is prohibited to transmit or send through the website any illegal or illicit content, computer viruses, or messages that, in general, affect or violate the rights of the Owner or third parties.<\/p>\n<p>The contents of <a href=\"https:\/\/www.woodformusic.com\">https:\/\/www.woodformusic.com<\/a> are for informational purposes only and under no circumstances should they be used or considered as an offer to sell, request for a purchase offer or recommendation to carry out any other operation, unless expressly indicated.<\/p>\n<p>EVERARDO ARMENTEROS GONZALEZ reserves the right to modify, suspend, cancel or restrict the content of <a href=\"https:\/\/www.woodformusic.com\">https:\/\/www.woodformusic.com<\/a>, the links or the information obtained through the website, without the need for prior notice.<\/p>\n<p>EVERARDO ARMENTEROS GONZALEZ is not responsible for any damages that may arise from the use of the information on the website.<\/p>\n<h2>Cookie Policy<\/h2>\n<p>On the page<\/p>\n","protected":false},"excerpt":{"rendered":"<p>Identificaci\u00f3n y Titularidad En cumplimiento del art\u00edculo 10 de la Ley 34\/2002, de 11 de julio, de Servicios de la Sociedad de la Informaci\u00f3n y Comercio Electr\u00f3nico, el Titular expone sus datos identificativos: Titular:&nbsp; EVERARDO ARMENTEROS GONZALEZ. NIF:&nbsp;20408758F Domicilio:&nbsp; Calle de la Serra Mariola 36B 46408 Faro, Valencia &#8211; Espa\u00f1a. Correo electr\u00f3nico:&nbsp; eaginternational@msn.com Sitio Web:&nbsp; &#8230; <a title=\"Aviso Legal\" class=\"read-more\" href=\"https:\/\/www.woodformusic.com\/en\/aviso-legal\/\" aria-label=\"More on Aviso Legal\">Read more<\/a><\/p>\n","protected":false},"author":1,"featured_media":0,"parent":0,"menu_order":0,"comment_status":"closed","ping_status":"closed","template":"","meta":{"_joinchat":[],"footnotes":""},"class_list":["post-2382","page","type-page","status-publish"],"yoast_head":"<!-- This site is optimized with the Yoast SEO plugin v27.0 - https:\/\/yoast.com\/product\/yoast-seo-wordpress\/ -->\n<title>Aviso Legal<\/title>\n<meta name=\"robots\" content=\"index, follow, max-snippet:-1, max-image-preview:large, max-video-preview:-1\" \/>\n<link rel=\"canonical\" href=\"https:\/\/www.woodformusic.com\/en\/aviso-legal\/\" \/>\n<meta property=\"og:locale\" content=\"en_GB\" \/>\n<meta property=\"og:locale:alternate\" content=\"es_ES\" \/>\n<meta property=\"og:type\" content=\"article\" \/>\n<meta property=\"og:title\" content=\"Aviso Legal\" \/>\n<meta property=\"og:description\" content=\"Identificaci\u00f3n y Titularidad En cumplimiento del art\u00edculo 10 de la Ley 34\/2002, de 11 de julio, de Servicios de la Sociedad de la Informaci\u00f3n y Comercio Electr\u00f3nico, el Titular expone sus datos identificativos: Titular:&nbsp; EVERARDO ARMENTEROS GONZALEZ. NIF:&nbsp;20408758F Domicilio:&nbsp; Calle de la Serra Mariola 36B 46408 Faro, Valencia - Espa\u00f1a. Correo electr\u00f3nico:&nbsp; eaginternational@msn.com Sitio Web:&nbsp; ... Read more\" \/>\n<meta property=\"og:url\" content=\"https:\/\/www.woodformusic.com\/en\/aviso-legal\/\" \/>\n<meta property=\"og:site_name\" content=\"EAG\" \/>\n<meta property=\"article:modified_time\" content=\"2022-02-16T16:57:43+00:00\" \/>\n<meta name=\"twitter:card\" content=\"summary_large_image\" \/>\n<meta name=\"twitter:label1\" content=\"Estimated reading time\" \/>\n\t<meta name=\"twitter:data1\" content=\"10 minutes\" \/>\n<script type=\"application\/ld+json\" class=\"yoast-schema-graph\">{\"@context\":\"https:\/\/schema.org\",\"@graph\":[{\"@type\":\"WebPage\",\"@id\":\"https:\/\/www.woodformusic.com\/aviso-legal\/\",\"url\":\"https:\/\/www.woodformusic.com\/aviso-legal\/\",\"name\":\"Aviso Legal\",\"isPartOf\":{\"@id\":\"https:\/\/www.woodformusic.com\/#website\"},\"datePublished\":\"2020-01-10T11:10:21+00:00\",\"dateModified\":\"2022-02-16T16:57:43+00:00\",\"breadcrumb\":{\"@id\":\"https:\/\/www.woodformusic.com\/aviso-legal\/#breadcrumb\"},\"inLanguage\":\"en-GB\",\"potentialAction\":[{\"@type\":\"ReadAction\",\"target\":[\"https:\/\/www.woodformusic.com\/aviso-legal\/\"]}]},{\"@type\":\"BreadcrumbList\",\"@id\":\"https:\/\/www.woodformusic.com\/aviso-legal\/#breadcrumb\",\"itemListElement\":[{\"@type\":\"ListItem\",\"position\":1,\"name\":\"Portada\",\"item\":\"https:\/\/www.woodformusic.com\/en\/\"},{\"@type\":\"ListItem\",\"position\":2,\"name\":\"Aviso Legal\"}]},{\"@type\":\"WebSite\",\"@id\":\"https:\/\/www.woodformusic.com\/#website\",\"url\":\"https:\/\/www.woodformusic.com\/\",\"name\":\"EAG - Wood For Music | Instrumentos de M\u00fasica\",\"description\":\"Wood for Music\",\"publisher\":{\"@id\":\"https:\/\/www.woodformusic.com\/#organization\"},\"potentialAction\":[{\"@type\":\"SearchAction\",\"target\":{\"@type\":\"EntryPoint\",\"urlTemplate\":\"https:\/\/www.woodformusic.com\/?s={search_term_string}\"},\"query-input\":{\"@type\":\"PropertyValueSpecification\",\"valueRequired\":true,\"valueName\":\"search_term_string\"}}],\"inLanguage\":\"en-GB\"},{\"@type\":\"Organization\",\"@id\":\"https:\/\/www.woodformusic.com\/#organization\",\"name\":\"EAG | Wood for Music\",\"url\":\"https:\/\/www.woodformusic.com\/\",\"logo\":{\"@type\":\"ImageObject\",\"inLanguage\":\"en-GB\",\"@id\":\"https:\/\/www.woodformusic.com\/#\/schema\/logo\/image\/\",\"url\":\"https:\/\/www.woodformusic.com\/wp-content\/uploads\/2025\/09\/logo_eag_wood_t.png\",\"contentUrl\":\"https:\/\/www.woodformusic.com\/wp-content\/uploads\/2025\/09\/logo_eag_wood_t.png\",\"width\":1750,\"height\":1746,\"caption\":\"EAG | Wood for Music\"},\"image\":{\"@id\":\"https:\/\/www.woodformusic.com\/#\/schema\/logo\/image\/\"}}]}<\/script>\n<!-- \/ Yoast SEO plugin. -->","yoast_head_json":{"title":"Aviso Legal","robots":{"index":"index","follow":"follow","max-snippet":"max-snippet:-1","max-image-preview":"max-image-preview:large","max-video-preview":"max-video-preview:-1"},"canonical":"https:\/\/www.woodformusic.com\/en\/aviso-legal\/","og_locale":"en_GB","og_type":"article","og_title":"[:en]Aviso Legal[:es]Aviso Legal[:] - EAG","og_description":"Identificaci\u00f3n y Titularidad En cumplimiento del art\u00edculo 10 de la Ley 34\/2002, de 11 de julio, de Servicios de la Sociedad de la Informaci\u00f3n y Comercio Electr\u00f3nico, el Titular expone sus datos identificativos: Titular:&nbsp; EVERARDO ARMENTEROS GONZALEZ. NIF:&nbsp;20408758F Domicilio:&nbsp; Calle de la Serra Mariola 36B 46408 Faro, Valencia - Espa\u00f1a. Correo electr\u00f3nico:&nbsp; eaginternational@msn.com Sitio Web:&nbsp; ... Read more","og_url":"https:\/\/www.woodformusic.com\/en\/aviso-legal\/","og_site_name":"EAG","article_modified_time":"2022-02-16T16:57:43+00:00","twitter_card":"summary_large_image","twitter_misc":{"Estimated reading time":"10 minutes"},"schema":{"@context":"https:\/\/schema.org","@graph":[{"@type":"WebPage","@id":"https:\/\/www.woodformusic.com\/aviso-legal\/","url":"https:\/\/www.woodformusic.com\/aviso-legal\/","name":"Aviso Legal","isPartOf":{"@id":"https:\/\/www.woodformusic.com\/#website"},"datePublished":"2020-01-10T11:10:21+00:00","dateModified":"2022-02-16T16:57:43+00:00","breadcrumb":{"@id":"https:\/\/www.woodformusic.com\/aviso-legal\/#breadcrumb"},"inLanguage":"en-GB","potentialAction":[{"@type":"ReadAction","target":["https:\/\/www.woodformusic.com\/aviso-legal\/"]}]},{"@type":"BreadcrumbList","@id":"https:\/\/www.woodformusic.com\/aviso-legal\/#breadcrumb","itemListElement":[{"@type":"ListItem","position":1,"name":"Portada","item":"https:\/\/www.woodformusic.com\/en\/"},{"@type":"ListItem","position":2,"name":"Aviso Legal"}]},{"@type":"WebSite","@id":"https:\/\/www.woodformusic.com\/#website","url":"https:\/\/www.woodformusic.com\/","name":"EAG - Wood For Music | Instrumentos de M\u00fasica","description":"Wood for Music","publisher":{"@id":"https:\/\/www.woodformusic.com\/#organization"},"potentialAction":[{"@type":"SearchAction","target":{"@type":"EntryPoint","urlTemplate":"https:\/\/www.woodformusic.com\/?s={search_term_string}"},"query-input":{"@type":"PropertyValueSpecification","valueRequired":true,"valueName":"search_term_string"}}],"inLanguage":"en-GB"},{"@type":"Organization","@id":"https:\/\/www.woodformusic.com\/#organization","name":"EAG | Wood for Music","url":"https:\/\/www.woodformusic.com\/","logo":{"@type":"ImageObject","inLanguage":"en-GB","@id":"https:\/\/www.woodformusic.com\/#\/schema\/logo\/image\/","url":"https:\/\/www.woodformusic.com\/wp-content\/uploads\/2025\/09\/logo_eag_wood_t.png","contentUrl":"https:\/\/www.woodformusic.com\/wp-content\/uploads\/2025\/09\/logo_eag_wood_t.png","width":1750,"height":1746,"caption":"EAG | Wood for Music"},"image":{"@id":"https:\/\/www.woodformusic.com\/#\/schema\/logo\/image\/"}}]}},"_links":{"self":[{"href":"https:\/\/www.woodformusic.com\/en\/wp-json\/wp\/v2\/pages\/2382","targetHints":{"allow":["GET"]}}],"collection":[{"href":"https:\/\/www.woodformusic.com\/en\/wp-json\/wp\/v2\/pages"}],"about":[{"href":"https:\/\/www.woodformusic.com\/en\/wp-json\/wp\/v2\/types\/page"}],"author":[{"embeddable":true,"href":"https:\/\/www.woodformusic.com\/en\/wp-json\/wp\/v2\/users\/1"}],"replies":[{"embeddable":true,"href":"https:\/\/www.woodformusic.com\/en\/wp-json\/wp\/v2\/comments?post=2382"}],"version-history":[{"count":8,"href":"https:\/\/www.woodformusic.com\/en\/wp-json\/wp\/v2\/pages\/2382\/revisions"}],"predecessor-version":[{"id":3275,"href":"https:\/\/www.woodformusic.com\/en\/wp-json\/wp\/v2\/pages\/2382\/revisions\/3275"}],"wp:attachment":[{"href":"https:\/\/www.woodformusic.com\/en\/wp-json\/wp\/v2\/media?parent=2382"}],"curies":[{"name":"wp","href":"https:\/\/api.w.org\/{rel}","templated":true}]}}